
{"id":1410,"date":"2025-03-28T10:44:01","date_gmt":"2025-03-28T10:44:01","guid":{"rendered":"https:\/\/revenit.com\/maintenance\/"},"modified":"2025-08-06T08:34:10","modified_gmt":"2025-08-06T08:34:10","slug":"maintenance","status":"publish","type":"page","link":"https:\/\/revenit.com\/fr\/maintenance\/","title":{"rendered":"Maintenance"},"content":{"rendered":"\t\t<div data-elementor-type=\"wp-page\" data-elementor-id=\"1410\" class=\"elementor elementor-1410 elementor-13\">\n\t\t\t\t<div class=\"elementor-element elementor-element-91712c1 e-flex e-con-boxed e-con e-parent\" data-id=\"91712c1\" data-element_type=\"container\" data-settings=\"{&quot;background_background&quot;:&quot;classic&quot;}\">\n\t\t\t\t\t<div class=\"e-con-inner\">\n\t\t<div class=\"elementor-element elementor-element-1c917661 e-con-full e-flex e-con e-child\" data-id=\"1c917661\" data-element_type=\"container\">\n\t\t\t\t<div class=\"elementor-element elementor-element-3945c6bd elementor-widget elementor-widget-heading\" data-id=\"3945c6bd\" data-element_type=\"widget\" data-widget_type=\"heading.default\">\n\t\t\t\t<div class=\"elementor-widget-container\">\n\t\t\t\t\t<h2 class=\"elementor-heading-title elementor-size-default\">Maintenance<strong style=\"color:#ABD94A; font-weight: 400;\"><\/strong><\/h2>\t\t\t\t<\/div>\n\t\t\t\t<\/div>\n\t\t\t\t<div class=\"elementor-element elementor-element-7c9176ae elementor-widget elementor-widget-button\" data-id=\"7c9176ae\" data-element_type=\"widget\" data-widget_type=\"button.default\">\n\t\t\t\t<div class=\"elementor-widget-container\">\n\t\t\t\t\t\t\t\t\t<div class=\"elementor-button-wrapper\">\n\t\t\t\t\t<a class=\"elementor-button elementor-button-link elementor-size-sm\" href=\"https:\/\/revenit.com\/fr\/contactez-nous\/\">\n\t\t\t\t\t\t<span class=\"elementor-button-content-wrapper\">\n\t\t\t\t\t\t\t\t\t<span class=\"elementor-button-text\">Prenez contact avec nous<\/span>\n\t\t\t\t\t<\/span>\n\t\t\t\t\t<\/a>\n\t\t\t\t<\/div>\n\t\t\t\t\t\t\t\t<\/div>\n\t\t\t\t<\/div>\n\t\t\t\t<\/div>\n\t\t\t\t\t<\/div>\n\t\t\t\t<\/div>\n\t\t<div class=\"elementor-element elementor-element-4733e2ff e-flex e-con-boxed e-con e-parent\" data-id=\"4733e2ff\" data-element_type=\"container\">\n\t\t\t\t\t<div class=\"e-con-inner\">\n\t\t<div class=\"elementor-element elementor-element-61b551d0 e-con-full e-flex e-con e-child\" data-id=\"61b551d0\" data-element_type=\"container\">\n\t\t<div class=\"elementor-element elementor-element-7e474509 e-grid e-con-full e-con e-child\" data-id=\"7e474509\" data-element_type=\"container\">\n\t\t\t\t<div class=\"elementor-element elementor-element-72dad419 elementor-widget elementor-widget-heading\" data-id=\"72dad419\" data-element_type=\"widget\" data-widget_type=\"heading.default\">\n\t\t\t\t<div class=\"elementor-widget-container\">\n\t\t\t\t\t<h2 class=\"elementor-heading-title elementor-size-default\">Nous proposons \n<strong style=\"color:#ABD94A; font-weight: 400;\">Maintenance<\/strong><\/h2>\t\t\t\t<\/div>\n\t\t\t\t<\/div>\n\t\t<div class=\"elementor-element elementor-element-5d2f76db e-con-full e-flex e-con e-child\" data-id=\"5d2f76db\" data-element_type=\"container\">\n\t\t\t\t<div class=\"elementor-element elementor-element-21fcd830 elementor-widget elementor-widget-text-editor\" data-id=\"21fcd830\" data-element_type=\"widget\" data-widget_type=\"text-editor.default\">\n\t\t\t\t<div class=\"elementor-widget-container\">\n\t\t\t\t\t\t\t\t\t<p>Prolongez la dur\u00e9e de vie de votre r\u00e9seau gr\u00e2ce \u00e0 la maintenance par des tiers. Il arrive souvent qu&rsquo;un OEM cesse de prendre en charge un appareil. Vous pouvez continuer \u00e0 b\u00e9n\u00e9ficier de l&rsquo;assistance de Revenit en pla\u00e7ant <br>l&rsquo;appareil sous un contrat de maintenance. L&rsquo;appareil continuera \u00e0 fonctionner correctement pendant de nombreuses ann\u00e9es, et tout ce dont vous avez besoin, c&rsquo;est d&rsquo;un service qui remplacera le mat\u00e9riel en cas de d\u00e9faillance.   <\/p><p>La tierce maintenance (TPM) est un service qui permet de remplacer un \u00e9quipement d\u00e9faillant. Ce service est assorti d&rsquo;un accord de niveau de service (SLA). Ce service remplacera<br>l&rsquo;\u00e9quipement d\u00e9faillant dans le d\u00e9lai sp\u00e9cifi\u00e9 par l&rsquo;accord de niveau de service. Les accords de niveau de service g\u00e9n\u00e9ralement disponibles sont le jour ouvrable suivant (NBD), 8&#215;5 (pendant les heures de bureau), 4H (4 heures).   <br>Chaque ANS a \u00e9galement l&rsquo;option d&rsquo;attacher un ing\u00e9nieur qui viendra et ex\u00e9cutera le remplacement.<\/p>\t\t\t\t\t\t\t\t<\/div>\n\t\t\t\t<\/div>\n\t\t\t\t<div class=\"elementor-element elementor-element-64d8da75 elementor-mobile-align-center elementor-widget elementor-widget-button\" data-id=\"64d8da75\" data-element_type=\"widget\" data-widget_type=\"button.default\">\n\t\t\t\t<div class=\"elementor-widget-container\">\n\t\t\t\t\t\t\t\t\t<div class=\"elementor-button-wrapper\">\n\t\t\t\t\t<a class=\"elementor-button elementor-button-link elementor-size-sm elementor-animation-grow\" href=\"https:\/\/revenit.com\/fr\/contactez-nous\/\">\n\t\t\t\t\t\t<span class=\"elementor-button-content-wrapper\">\n\t\t\t\t\t\t\t\t\t<span class=\"elementor-button-text\">Contactez nous<\/span>\n\t\t\t\t\t<\/span>\n\t\t\t\t\t<\/a>\n\t\t\t\t<\/div>\n\t\t\t\t\t\t\t\t<\/div>\n\t\t\t\t<\/div>\n\t\t\t\t<\/div>\n\t\t\t\t<\/div>\n\t\t\t\t<\/div>\n\t\t\t\t\t<\/div>\n\t\t\t\t<\/div>\n\t\t\t\t<\/div>\n\t\t","protected":false},"excerpt":{"rendered":"<p>Maintenance Prenez contact avec nous Nous proposons Maintenance Prolongez la dur\u00e9e de vie de votre r\u00e9seau gr\u00e2ce \u00e0 la maintenance par des tiers. Il arrive souvent qu&rsquo;un OEM cesse de prendre en charge un appareil. Vous pouvez continuer \u00e0 b\u00e9n\u00e9ficier de l&rsquo;assistance de Revenit en pla\u00e7ant l&rsquo;appareil sous un contrat de maintenance. L&rsquo;appareil continuera \u00e0 [&hellip;]<\/p>\n","protected":false},"author":1,"featured_media":0,"parent":0,"menu_order":0,"comment_status":"closed","ping_status":"closed","template":"elementor_header_footer","meta":{"inline_featured_image":false,"footnotes":""},"class_list":["post-1410","page","type-page","status-publish","hentry"],"_links":{"self":[{"href":"https:\/\/revenit.com\/fr\/wp-json\/wp\/v2\/pages\/1410","targetHints":{"allow":["GET"]}}],"collection":[{"href":"https:\/\/revenit.com\/fr\/wp-json\/wp\/v2\/pages"}],"about":[{"href":"https:\/\/revenit.com\/fr\/wp-json\/wp\/v2\/types\/page"}],"author":[{"embeddable":true,"href":"https:\/\/revenit.com\/fr\/wp-json\/wp\/v2\/users\/1"}],"replies":[{"embeddable":true,"href":"https:\/\/revenit.com\/fr\/wp-json\/wp\/v2\/comments?post=1410"}],"version-history":[{"count":2,"href":"https:\/\/revenit.com\/fr\/wp-json\/wp\/v2\/pages\/1410\/revisions"}],"predecessor-version":[{"id":1702,"href":"https:\/\/revenit.com\/fr\/wp-json\/wp\/v2\/pages\/1410\/revisions\/1702"}],"wp:attachment":[{"href":"https:\/\/revenit.com\/fr\/wp-json\/wp\/v2\/media?parent=1410"}],"curies":[{"name":"wp","href":"https:\/\/api.w.org\/{rel}","templated":true}]}}