
{"id":1398,"date":"2025-03-28T10:43:53","date_gmt":"2025-03-28T10:43:53","guid":{"rendered":"https:\/\/revenit.com\/a-propos-de-nous\/"},"modified":"2025-08-06T08:34:10","modified_gmt":"2025-08-06T08:34:10","slug":"a-propos-de-nous","status":"publish","type":"page","link":"https:\/\/revenit.com\/fr\/a-propos-de-nous\/","title":{"rendered":"A propos de nous"},"content":{"rendered":"\t\t<div data-elementor-type=\"wp-page\" data-elementor-id=\"1398\" class=\"elementor elementor-1398 elementor-12\">\n\t\t\t\t<div class=\"elementor-element elementor-element-70c2f30 e-flex e-con-boxed e-con e-parent\" data-id=\"70c2f30\" data-element_type=\"container\" data-settings=\"{&quot;background_background&quot;:&quot;classic&quot;}\">\n\t\t\t\t\t<div class=\"e-con-inner\">\n\t\t<div class=\"elementor-element elementor-element-9dde9a8 e-con-full e-flex e-con e-child\" data-id=\"9dde9a8\" data-element_type=\"container\">\n\t\t\t\t<div class=\"elementor-element elementor-element-078abc1 elementor-widget elementor-widget-heading\" data-id=\"078abc1\" data-element_type=\"widget\" data-widget_type=\"heading.default\">\n\t\t\t\t<div class=\"elementor-widget-container\">\n\t\t\t\t\t<h2 class=\"elementor-heading-title elementor-size-default\">A propos de <strong style=\"color:#ABD94A; font-weight: 400;\">nous<\/strong><\/h2>\t\t\t\t<\/div>\n\t\t\t\t<\/div>\n\t\t\t\t<div class=\"elementor-element elementor-element-cf5235d elementor-widget elementor-widget-button\" data-id=\"cf5235d\" data-element_type=\"widget\" data-widget_type=\"button.default\">\n\t\t\t\t<div class=\"elementor-widget-container\">\n\t\t\t\t\t\t\t\t\t<div class=\"elementor-button-wrapper\">\n\t\t\t\t\t<a class=\"elementor-button elementor-button-link elementor-size-sm\" href=\"https:\/\/revenit.com\/fr\/contactez-nous\/\">\n\t\t\t\t\t\t<span class=\"elementor-button-content-wrapper\">\n\t\t\t\t\t\t\t\t\t<span class=\"elementor-button-text\">Prenez contact avec nous<\/span>\n\t\t\t\t\t<\/span>\n\t\t\t\t\t<\/a>\n\t\t\t\t<\/div>\n\t\t\t\t\t\t\t\t<\/div>\n\t\t\t\t<\/div>\n\t\t\t\t<\/div>\n\t\t\t\t\t<\/div>\n\t\t\t\t<\/div>\n\t\t<div class=\"elementor-element elementor-element-02d5fd3 e-flex e-con-boxed e-con e-parent\" data-id=\"02d5fd3\" data-element_type=\"container\">\n\t\t\t\t\t<div class=\"e-con-inner\">\n\t\t<div class=\"elementor-element elementor-element-bdc1631 e-con-full e-flex e-con e-child\" data-id=\"bdc1631\" data-element_type=\"container\">\n\t\t<div class=\"elementor-element elementor-element-1872300 e-grid e-con-full e-con e-child\" data-id=\"1872300\" data-element_type=\"container\">\n\t\t\t\t<div class=\"elementor-element elementor-element-4983e3b elementor-widget elementor-widget-heading\" data-id=\"4983e3b\" data-element_type=\"widget\" data-widget_type=\"heading.default\">\n\t\t\t\t<div class=\"elementor-widget-container\">\n\t\t\t\t\t<h2 class=\"elementor-heading-title elementor-size-default\">Rencontrez l'<strong style=\"color:#ABD94A; font-weight: 400;\">\u00e9quipe.<\/strong><\/h2>\t\t\t\t<\/div>\n\t\t\t\t<\/div>\n\t\t<div class=\"elementor-element elementor-element-e8cc62e e-con-full e-flex e-con e-child\" data-id=\"e8cc62e\" data-element_type=\"container\">\n\t\t\t\t<div class=\"elementor-element elementor-element-a7a2cf1 elementor-widget elementor-widget-text-editor\" data-id=\"a7a2cf1\" data-element_type=\"widget\" data-widget_type=\"text-editor.default\">\n\t\t\t\t<div class=\"elementor-widget-container\">\n\t\t\t\t\t\t\t\t\t<p>Nous sommes une \u00e9quipe de professionnels ayant plus de 20 ans d&rsquo;exp\u00e9rience dans le secteur des technologies de l&rsquo;information, combinant des comp\u00e9tences techniques en mati\u00e8re de r\u00e9seaux et de syst\u00e8mes, des comp\u00e9tences en mati\u00e8re de conseil et des comp\u00e9tences linguistiques. Nos locaux sont situ\u00e9s \u00e0 Amsterdam, aux Pays-Bas. Nous sommes un distributeur informatique ind\u00e9pendant. Nous achetons et vendons des r\u00e9seaux, des serveurs et des plateformes de stockage d&rsquo;occasion. Nous nous concentrons sur les \u00e9quipements de r\u00e9seau Cisco et Juniper, mais nous vendons \u00e9galement des \u00e9quipements HP, Dell-EMC et NetApp.    <\/p>\t\t\t\t\t\t\t\t<\/div>\n\t\t\t\t<\/div>\n\t\t\t\t<div class=\"elementor-element elementor-element-019f671 elementor-widget elementor-widget-button\" data-id=\"019f671\" data-element_type=\"widget\" data-widget_type=\"button.default\">\n\t\t\t\t<div class=\"elementor-widget-container\">\n\t\t\t\t\t\t\t\t\t<div class=\"elementor-button-wrapper\">\n\t\t\t\t\t<a class=\"elementor-button elementor-button-link elementor-size-sm\" href=\"https:\/\/revenit.com\/fr\/contactez-nous\/\">\n\t\t\t\t\t\t<span class=\"elementor-button-content-wrapper\">\n\t\t\t\t\t\t\t\t\t<span class=\"elementor-button-text\">Contactez nous<\/span>\n\t\t\t\t\t<\/span>\n\t\t\t\t\t<\/a>\n\t\t\t\t<\/div>\n\t\t\t\t\t\t\t\t<\/div>\n\t\t\t\t<\/div>\n\t\t\t\t<\/div>\n\t\t\t\t<\/div>\n\t\t\t\t<\/div>\n\t\t<div class=\"elementor-element elementor-element-671fb92 e-con-full e-flex e-con e-child\" data-id=\"671fb92\" data-element_type=\"container\">\n\t\t\t\t<div class=\"elementor-element elementor-element-c8fd449 elementor-widget elementor-widget-image\" data-id=\"c8fd449\" data-element_type=\"widget\" data-widget_type=\"image.default\">\n\t\t\t\t<div class=\"elementor-widget-container\">\n\t\t\t\t\t\t\t\t\t\t\t\t\t\t\t<img fetchpriority=\"high\" decoding=\"async\" width=\"800\" height=\"304\" src=\"https:\/\/revenit.com\/wp-content\/uploads\/2025\/03\/image-2025-03-28T182923.117-1-1024x389.png\" class=\"attachment-large size-large wp-image-1244\" alt=\"\" srcset=\"https:\/\/revenit.com\/wp-content\/uploads\/2025\/03\/image-2025-03-28T182923.117-1-1024x389.png 1024w, https:\/\/revenit.com\/wp-content\/uploads\/2025\/03\/image-2025-03-28T182923.117-1-600x228.png 600w, https:\/\/revenit.com\/wp-content\/uploads\/2025\/03\/image-2025-03-28T182923.117-1-300x114.png 300w, https:\/\/revenit.com\/wp-content\/uploads\/2025\/03\/image-2025-03-28T182923.117-1-768x292.png 768w, https:\/\/revenit.com\/wp-content\/uploads\/2025\/03\/image-2025-03-28T182923.117-1.png 1284w\" sizes=\"(max-width: 800px) 100vw, 800px\" \/>\t\t\t\t\t\t\t\t\t\t\t\t\t\t\t<\/div>\n\t\t\t\t<\/div>\n\t\t\t\t<\/div>\n\t\t\t\t\t<\/div>\n\t\t\t\t<\/div>\n\t\t<div class=\"elementor-element elementor-element-070969c e-flex e-con-boxed e-con e-parent\" data-id=\"070969c\" data-element_type=\"container\" data-settings=\"{&quot;background_background&quot;:&quot;classic&quot;}\">\n\t\t\t\t\t<div class=\"e-con-inner\">\n\t\t<div class=\"elementor-element elementor-element-baa6f1f e-con-full e-flex e-con e-child\" data-id=\"baa6f1f\" data-element_type=\"container\">\n\t\t<div class=\"elementor-element elementor-element-ee761a8 e-grid e-con-full e-con e-child\" data-id=\"ee761a8\" data-element_type=\"container\">\n\t\t<div class=\"elementor-element elementor-element-712e18e e-con-full image-border-col e-flex e-con e-child\" data-id=\"712e18e\" data-element_type=\"container\">\n\t\t\t\t<div class=\"elementor-element elementor-element-df65b7e elementor-widget elementor-widget-image\" data-id=\"df65b7e\" data-element_type=\"widget\" data-widget_type=\"image.default\">\n\t\t\t\t<div class=\"elementor-widget-container\">\n\t\t\t\t\t\t\t\t\t\t\t\t\t\t\t<img decoding=\"async\" width=\"619\" height=\"697\" src=\"https:\/\/revenit.com\/wp-content\/uploads\/2025\/03\/Group-5-9.png\" class=\"attachment-large size-large wp-image-1250\" alt=\"\" srcset=\"https:\/\/revenit.com\/wp-content\/uploads\/2025\/03\/Group-5-9.png 619w, https:\/\/revenit.com\/wp-content\/uploads\/2025\/03\/Group-5-9-600x676.png 600w, https:\/\/revenit.com\/wp-content\/uploads\/2025\/03\/Group-5-9-266x300.png 266w\" sizes=\"(max-width: 619px) 100vw, 619px\" \/>\t\t\t\t\t\t\t\t\t\t\t\t\t\t\t<\/div>\n\t\t\t\t<\/div>\n\t\t\t\t<\/div>\n\t\t<div class=\"elementor-element elementor-element-b3c351a e-con-full e-flex e-con e-child\" data-id=\"b3c351a\" data-element_type=\"container\">\n\t\t\t\t<div class=\"elementor-element elementor-element-b73d492 elementor-widget elementor-widget-heading\" data-id=\"b73d492\" data-element_type=\"widget\" data-widget_type=\"heading.default\">\n\t\t\t\t<div class=\"elementor-widget-container\">\n\t\t\t\t\t<h2 class=\"elementor-heading-title elementor-size-default\">\u00c0 propos de <strong style=\"color:#ABD94A; font-weight: 400;\">RevenIT<\/strong><\/h2>\t\t\t\t<\/div>\n\t\t\t\t<\/div>\n\t\t\t\t<div class=\"elementor-element elementor-element-fed0632 elementor-widget elementor-widget-text-editor\" data-id=\"fed0632\" data-element_type=\"widget\" data-widget_type=\"text-editor.default\">\n\t\t\t\t<div class=\"elementor-widget-container\">\n\t\t\t\t\t\t\t\t\t<p>Nous pouvons tirer parti de nos comp\u00e9tences et de notre r\u00e9seau pour offrir \u00e0 votre infrastructure la meilleure solution. Nous vous proposerons toujours des plateformes personnalis\u00e9es qui r\u00e9pondront \u00e0 vos exigences techniques et financi\u00e8res. Nous pouvons aider des organisations internationales gr\u00e2ce \u00e0 nos r\u00e9seaux de fournisseurs, nos techniciens informatiques certifi\u00e9s et nos solutions logistiques.  <\/p>\t\t\t\t\t\t\t\t<\/div>\n\t\t\t\t<\/div>\n\t\t\t\t<div class=\"elementor-element elementor-element-ffb39ea elementor-widget elementor-widget-button\" data-id=\"ffb39ea\" data-element_type=\"widget\" data-widget_type=\"button.default\">\n\t\t\t\t<div class=\"elementor-widget-container\">\n\t\t\t\t\t\t\t\t\t<div class=\"elementor-button-wrapper\">\n\t\t\t\t\t<a class=\"elementor-button elementor-button-link elementor-size-sm\" href=\"https:\/\/revenit.com\/fr\/contactez-nous\/\">\n\t\t\t\t\t\t<span class=\"elementor-button-content-wrapper\">\n\t\t\t\t\t\t\t\t\t<span class=\"elementor-button-text\">Contactez nous<\/span>\n\t\t\t\t\t<\/span>\n\t\t\t\t\t<\/a>\n\t\t\t\t<\/div>\n\t\t\t\t\t\t\t\t<\/div>\n\t\t\t\t<\/div>\n\t\t\t\t<\/div>\n\t\t\t\t<\/div>\n\t\t\t\t<\/div>\n\t\t\t\t\t<\/div>\n\t\t\t\t<\/div>\n\t\t<div class=\"elementor-element elementor-element-cc37a8b e-flex e-con-boxed e-con e-parent\" data-id=\"cc37a8b\" data-element_type=\"container\">\n\t\t\t\t\t<div class=\"e-con-inner\">\n\t\t<div class=\"elementor-element elementor-element-251133d e-con-full e-flex e-con e-child\" data-id=\"251133d\" data-element_type=\"container\" data-settings=\"{&quot;background_background&quot;:&quot;classic&quot;}\">\n\t\t<div class=\"elementor-element elementor-element-8ec624c e-grid e-con-full e-con e-child\" data-id=\"8ec624c\" data-element_type=\"container\">\n\t\t\t\t<div class=\"elementor-element elementor-element-1fb89d1 elementor-widget elementor-widget-image\" data-id=\"1fb89d1\" data-element_type=\"widget\" data-widget_type=\"image.default\">\n\t\t\t\t<div class=\"elementor-widget-container\">\n\t\t\t\t\t\t\t\t\t\t\t\t\t\t\t<img decoding=\"async\" width=\"231\" height=\"231\" src=\"https:\/\/revenit.com\/wp-content\/uploads\/2025\/03\/fi_3344067.png\" class=\"attachment-large size-large wp-image-1253\" alt=\"\" srcset=\"https:\/\/revenit.com\/wp-content\/uploads\/2025\/03\/fi_3344067.png 231w, https:\/\/revenit.com\/wp-content\/uploads\/2025\/03\/fi_3344067-100x100.png 100w, https:\/\/revenit.com\/wp-content\/uploads\/2025\/03\/fi_3344067-150x150.png 150w\" sizes=\"(max-width: 231px) 100vw, 231px\" \/>\t\t\t\t\t\t\t\t\t\t\t\t\t\t\t<\/div>\n\t\t\t\t<\/div>\n\t\t<div class=\"elementor-element elementor-element-7f01cd8 e-con-full e-flex e-con e-child\" data-id=\"7f01cd8\" data-element_type=\"container\">\n\t\t\t\t<div class=\"elementor-element elementor-element-26f69d1 elementor-widget elementor-widget-heading\" data-id=\"26f69d1\" data-element_type=\"widget\" data-widget_type=\"heading.default\">\n\t\t\t\t<div class=\"elementor-widget-container\">\n\t\t\t\t\t<h2 class=\"elementor-heading-title elementor-size-default\"><strong style=\"color:#ABD94A; font-weight: 400;\">Assurance<\/strong> qualit\u00e9<\/h2>\t\t\t\t<\/div>\n\t\t\t\t<\/div>\n\t\t\t\t<div class=\"elementor-element elementor-element-1f5b42a elementor-widget elementor-widget-text-editor\" data-id=\"1f5b42a\" data-element_type=\"widget\" data-widget_type=\"text-editor.default\">\n\t\t\t\t<div class=\"elementor-widget-container\">\n\t\t\t\t\t\t\t\t\t<p>Tous nos produits sont assortis d&rsquo;une garantie mat\u00e9rielle de 5 ans et sont soumis \u00e0 des tests rigoureux pour garantir leur fiabilit\u00e9 et leurs performances.<\/p>\t\t\t\t\t\t\t\t<\/div>\n\t\t\t\t<\/div>\n\t\t\t\t<div class=\"elementor-element elementor-element-1c6a8ad elementor-widget elementor-widget-button\" data-id=\"1c6a8ad\" data-element_type=\"widget\" data-widget_type=\"button.default\">\n\t\t\t\t<div class=\"elementor-widget-container\">\n\t\t\t\t\t\t\t\t\t<div class=\"elementor-button-wrapper\">\n\t\t\t\t\t<a class=\"elementor-button elementor-button-link elementor-size-sm\" href=\"https:\/\/revenit.com\/fr\/contactez-nous\/\">\n\t\t\t\t\t\t<span class=\"elementor-button-content-wrapper\">\n\t\t\t\t\t\t\t\t\t<span class=\"elementor-button-text\">Contactez nous<\/span>\n\t\t\t\t\t<\/span>\n\t\t\t\t\t<\/a>\n\t\t\t\t<\/div>\n\t\t\t\t\t\t\t\t<\/div>\n\t\t\t\t<\/div>\n\t\t\t\t<\/div>\n\t\t\t\t<\/div>\n\t\t\t\t<\/div>\n\t\t\t\t\t<\/div>\n\t\t\t\t<\/div>\n\t\t\t\t<\/div>\n\t\t","protected":false},"excerpt":{"rendered":"<p>A propos de nous Prenez contact avec nous Rencontrez l&rsquo;\u00e9quipe. Nous sommes une \u00e9quipe de professionnels ayant plus de 20 ans d&rsquo;exp\u00e9rience dans le secteur des technologies de l&rsquo;information, combinant des comp\u00e9tences techniques en mati\u00e8re de r\u00e9seaux et de syst\u00e8mes, des comp\u00e9tences en mati\u00e8re de conseil et des comp\u00e9tences linguistiques. Nos locaux sont situ\u00e9s \u00e0 [&hellip;]<\/p>\n","protected":false},"author":1,"featured_media":0,"parent":0,"menu_order":0,"comment_status":"closed","ping_status":"closed","template":"elementor_header_footer","meta":{"inline_featured_image":false,"footnotes":""},"class_list":["post-1398","page","type-page","status-publish","hentry"],"_links":{"self":[{"href":"https:\/\/revenit.com\/fr\/wp-json\/wp\/v2\/pages\/1398","targetHints":{"allow":["GET"]}}],"collection":[{"href":"https:\/\/revenit.com\/fr\/wp-json\/wp\/v2\/pages"}],"about":[{"href":"https:\/\/revenit.com\/fr\/wp-json\/wp\/v2\/types\/page"}],"author":[{"embeddable":true,"href":"https:\/\/revenit.com\/fr\/wp-json\/wp\/v2\/users\/1"}],"replies":[{"embeddable":true,"href":"https:\/\/revenit.com\/fr\/wp-json\/wp\/v2\/comments?post=1398"}],"version-history":[{"count":3,"href":"https:\/\/revenit.com\/fr\/wp-json\/wp\/v2\/pages\/1398\/revisions"}],"predecessor-version":[{"id":1701,"href":"https:\/\/revenit.com\/fr\/wp-json\/wp\/v2\/pages\/1398\/revisions\/1701"}],"wp:attachment":[{"href":"https:\/\/revenit.com\/fr\/wp-json\/wp\/v2\/media?parent=1398"}],"curies":[{"name":"wp","href":"https:\/\/api.w.org\/{rel}","templated":true}]}}